{"id":779,"date":"2024-01-18T12:16:42","date_gmt":"2024-01-18T12:16:42","guid":{"rendered":"https:\/\/www.realps.it\/?page_id=779"},"modified":"2024-02-28T08:01:05","modified_gmt":"2024-02-28T08:01:05","slug":"colophon","status":"publish","type":"page","link":"https:\/\/www.realps.it\/it\/colophon\/","title":{"rendered":"Colophon"},"content":{"rendered":"\t\t<div data-elementor-type=\"wp-page\" data-elementor-id=\"779\" class=\"elementor elementor-779 elementor-109\" data-elementor-post-type=\"page\">\n\t\t\t\t<div class=\"elementor-element elementor-element-2fd000d2 e-con-full e-flex e-con e-parent\" data-id=\"2fd000d2\" data-element_type=\"container\">\n\t\t\t\t<div class=\"elementor-element elementor-element-7a209412 elementor-pagination-position-inside headercarousel elementor-skin-carousel elementor-arrows-yes elementor-pagination-type-bullets elementor-widget elementor-widget-media-carousel\" data-id=\"7a209412\" data-element_type=\"widget\" data-settings=\"{&quot;slides_per_view&quot;:&quot;1&quot;,&quot;skin&quot;:&quot;carousel&quot;,&quot;effect&quot;:&quot;slide&quot;,&quot;show_arrows&quot;:&quot;yes&quot;,&quot;pagination&quot;:&quot;bullets&quot;,&quot;speed&quot;:500,&quot;autoplay&quot;:&quot;yes&quot;,&quot;autoplay_speed&quot;:5000,&quot;loop&quot;:&quot;yes&quot;,&quot;pause_on_hover&quot;:&quot;yes&quot;,&quot;pause_on_interaction&quot;:&quot;yes&quot;,&quot;space_between&quot;:{&quot;unit&quot;:&quot;px&quot;,&quot;size&quot;:10,&quot;sizes&quot;:[]},&quot;space_between_widescreen&quot;:{&quot;unit&quot;:&quot;px&quot;,&quot;size&quot;:10,&quot;sizes&quot;:[]},&quot;space_between_laptop&quot;:{&quot;unit&quot;:&quot;px&quot;,&quot;size&quot;:10,&quot;sizes&quot;:[]},&quot;space_between_tablet_extra&quot;:{&quot;unit&quot;:&quot;px&quot;,&quot;size&quot;:10,&quot;sizes&quot;:[]},&quot;space_between_tablet&quot;:{&quot;unit&quot;:&quot;px&quot;,&quot;size&quot;:10,&quot;sizes&quot;:[]},&quot;space_between_mobile_extra&quot;:{&quot;unit&quot;:&quot;px&quot;,&quot;size&quot;:10,&quot;sizes&quot;:[]},&quot;space_between_mobile&quot;:{&quot;unit&quot;:&quot;px&quot;,&quot;size&quot;:10,&quot;sizes&quot;:[]}}\" data-widget_type=\"media-carousel.default\">\n\t\t\t\t<div class=\"elementor-widget-container\">\n\t\t\t<link rel=\"stylesheet\" href=\"https:\/\/www.realps.it\/wp-content\/plugins\/elementor-pro\/assets\/css\/widget-carousel.min.css\">\t\t<div class=\"elementor-swiper\">\n\t\t\t<div class=\"elementor-main-swiper swiper\">\n\t\t\t\t<div class=\"swiper-wrapper\">\n\t\t\t\t\t\t\t\t\t\t\t<div class=\"swiper-slide\">\n\t\t\t\t\t\t\t\t\t<div class=\"elementor-carousel-image\" role=\"img\" aria-label=\"20210717_047 foto giuseppe ghedina\" style=\"background-image: url(&#039;https:\/\/www.realps.it\/wp-content\/uploads\/2024\/01\/20210717_047-foto-giuseppe-ghedina.jpg&#039;)\">\n\n\t\t\t\n\t\t\t\t\t<\/div>\n\t\t\t\t\t\t\t\t<\/div>\n\t\t\t\t\t\t\t\t\t<\/div>\n\t\t\t\t\t\t\t<\/div>\n\t\t<\/div>\n\t\t\t\t<\/div>\n\t\t\t\t<\/div>\n\t\t<div class=\"elementor-element elementor-element-4eba6310 e-con-full elementor-hidden-mobile e-flex e-con e-child\" data-id=\"4eba6310\" data-element_type=\"container\" data-settings=\"{&quot;background_background&quot;:&quot;classic&quot;,&quot;position&quot;:&quot;absolute&quot;}\">\n\t\t\t\t<div class=\"elementor-element elementor-element-16f0586b elementor-widget elementor-widget-html\" data-id=\"16f0586b\" data-element_type=\"widget\" data-widget_type=\"html.default\">\n\t\t\t\t<div class=\"elementor-widget-container\">\n\t\t\t <script>\n        window.addEventListener('scroll', function() {\n            var button = document.querySelector('.icon-immo');\n            var scrollPosition = window.scrollY || document.documentElement.scrollTop;\n\n\n            if (scrollPosition <= 70) {\n                button.style.display = 'block';\n            } else {\n                button.style.display = 'none';\n            }\n        });\n    <\/script>\t\t<\/div>\n\t\t\t\t<\/div>\n\t\t\t\t<div class=\"elementor-element elementor-element-3a06d7a5 elementor-widget__width-inherit elementor-widget elementor-widget-heading\" data-id=\"3a06d7a5\" data-element_type=\"widget\" data-widget_type=\"heading.default\">\n\t\t\t\t<div class=\"elementor-widget-container\">\n\t\t\t<style>\/*! elementor - v3.21.0 - 18-04-2024 *\/\n.elementor-heading-title{padding:0;margin:0;line-height:1}.elementor-widget-heading .elementor-heading-title[class*=elementor-size-]>a{color:inherit;font-size:inherit;line-height:inherit}.elementor-widget-heading .elementor-heading-title.elementor-size-small{font-size:15px}.elementor-widget-heading .elementor-heading-title.elementor-size-medium{font-size:19px}.elementor-widget-heading .elementor-heading-title.elementor-size-large{font-size:29px}.elementor-widget-heading .elementor-heading-title.elementor-size-xl{font-size:39px}.elementor-widget-heading .elementor-heading-title.elementor-size-xxl{font-size:59px}<\/style><p class=\"elementor-heading-title elementor-size-default\">IMMOBILI<\/p>\t\t<\/div>\n\t\t\t\t<\/div>\n\t\t<div class=\"elementor-element elementor-element-57915cb4 e-con-full e-flex e-con e-child\" data-id=\"57915cb4\" data-element_type=\"container\">\n\t\t\t\t<div class=\"elementor-element elementor-element-7478fbf4 elementor-align-justify elementor-widget__width-initial elementor-widget elementor-widget-button\" data-id=\"7478fbf4\" data-element_type=\"widget\" data-widget_type=\"button.default\">\n\t\t\t\t<div class=\"elementor-widget-container\">\n\t\t\t\t\t<div class=\"elementor-button-wrapper\">\n\t\t\t<a class=\"elementor-button elementor-button-link elementor-size-sm\" href=\"https:\/\/www.realps.it\/it\/trova-immobili\/%20\">\n\t\t\t\t\t\t<span class=\"elementor-button-content-wrapper\">\n\t\t\t\t\t\t<span class=\"elementor-button-icon elementor-align-icon-right\">\n\t\t\t\t<svg xmlns=\"http:\/\/www.w3.org\/2000\/svg\" width=\"25.606\" height=\"11.884\" viewBox=\"0 0 25.606 11.884\"><g id=\"Icon_feather-arrow-right\" data-name=\"Icon feather-arrow-right\" transform=\"translate(2.265 -6.086)\"><path id=\"Pfad_147\" data-name=\"Pfad 147\" d=\"M7.5,18H31.106\" transform=\"translate(-8.765 -5.972)\" fill=\"none\" stroke=\"#3f5b75\" stroke-linecap=\"round\" stroke-linejoin=\"round\" stroke-width=\"2\"><\/path><path id=\"Pfad_148\" data-name=\"Pfad 148\" d=\"M18,7.5l4.528,4.528L18,16.556\" transform=\"translate(-0.187)\" fill=\"none\" stroke=\"#3f5b75\" stroke-linecap=\"round\" stroke-linejoin=\"round\" stroke-width=\"2\"><\/path><\/g><\/svg>\t\t\t<\/span>\n\t\t\t\t\t\t\t\t\t<span class=\"elementor-button-text\">Trovare<\/span>\n\t\t\t\t\t<\/span>\n\t\t\t\t\t<\/a>\n\t\t<\/div>\n\t\t\t\t<\/div>\n\t\t\t\t<\/div>\n\t\t\t\t<div class=\"elementor-element elementor-element-48ab0186 elementor-align-justify elementor-widget__width-initial elementor-widget elementor-widget-button\" data-id=\"48ab0186\" data-element_type=\"widget\" data-widget_type=\"button.default\">\n\t\t\t\t<div class=\"elementor-widget-container\">\n\t\t\t\t\t<div class=\"elementor-button-wrapper\">\n\t\t\t<a class=\"elementor-button elementor-button-link elementor-size-sm\" href=\"https:\/\/www.realps.it\/it\/vendere-affittare\/\">\n\t\t\t\t\t\t<span class=\"elementor-button-content-wrapper\">\n\t\t\t\t\t\t<span class=\"elementor-button-icon elementor-align-icon-right\">\n\t\t\t\t<svg xmlns=\"http:\/\/www.w3.org\/2000\/svg\" width=\"25.606\" height=\"11.884\" viewBox=\"0 0 25.606 11.884\"><g id=\"Icon_feather-arrow-right\" data-name=\"Icon feather-arrow-right\" transform=\"translate(2.265 -6.086)\"><path id=\"Pfad_147\" data-name=\"Pfad 147\" d=\"M7.5,18H31.106\" transform=\"translate(-8.765 -5.972)\" fill=\"none\" stroke=\"#3f5b75\" stroke-linecap=\"round\" stroke-linejoin=\"round\" stroke-width=\"2\"><\/path><path id=\"Pfad_148\" data-name=\"Pfad 148\" d=\"M18,7.5l4.528,4.528L18,16.556\" transform=\"translate(-0.187)\" fill=\"none\" stroke=\"#3f5b75\" stroke-linecap=\"round\" stroke-linejoin=\"round\" stroke-width=\"2\"><\/path><\/g><\/svg>\t\t\t<\/span>\n\t\t\t\t\t\t\t\t\t<span class=\"elementor-button-text\">Vendere \/ Affittare<\/span>\n\t\t\t\t\t<\/span>\n\t\t\t\t\t<\/a>\n\t\t<\/div>\n\t\t\t\t<\/div>\n\t\t\t\t<\/div>\n\t\t\t\t<\/div>\n\t\t\t\t<\/div>\n\t\t\t\t<\/div>\n\t\t<div class=\"elementor-element elementor-element-618cbf92 e-con-full e-flex e-con e-parent\" data-id=\"618cbf92\" data-element_type=\"container\" data-settings=\"{&quot;animation&quot;:&quot;none&quot;}\">\n\t\t\t\t<div class=\"elementor-element elementor-element-17dbc2cf elementor-invisible elementor-widget elementor-widget-heading\" data-id=\"17dbc2cf\" data-element_type=\"widget\" data-settings=\"{&quot;_animation&quot;:&quot;slideInUp&quot;}\" data-widget_type=\"heading.default\">\n\t\t\t\t<div class=\"elementor-widget-container\">\n\t\t\t<h1 class=\"elementor-heading-title elementor-size-default\">Colophon<\/h1>\t\t<\/div>\n\t\t\t\t<\/div>\n\t\t\t\t<div class=\"elementor-element elementor-element-4daabe51 animated-slow elementor-invisible elementor-widget elementor-widget-text-editor\" data-id=\"4daabe51\" data-element_type=\"widget\" data-settings=\"{&quot;_animation&quot;:&quot;slideInUp&quot;}\" data-widget_type=\"text-editor.default\">\n\t\t\t\t<div class=\"elementor-widget-container\">\n\t\t\t<style>\/*! elementor - v3.21.0 - 18-04-2024 *\/\n.elementor-widget-text-editor.elementor-drop-cap-view-stacked .elementor-drop-cap{background-color:#69727d;color:#fff}.elementor-widget-text-editor.elementor-drop-cap-view-framed .elementor-drop-cap{color:#69727d;border:3px solid;background-color:transparent}.elementor-widget-text-editor:not(.elementor-drop-cap-view-default) .elementor-drop-cap{margin-top:8px}.elementor-widget-text-editor:not(.elementor-drop-cap-view-default) .elementor-drop-cap-letter{width:1em;height:1em}.elementor-widget-text-editor .elementor-drop-cap{float:left;text-align:center;line-height:1;font-size:50px}.elementor-widget-text-editor .elementor-drop-cap-letter{display:inline-block}<\/style>\t\t\t\t<p><strong>REALPS di Franco Mingrone<\/strong><\/p><p>Via J\u00f6chl 6<br \/>39031 Brunico (BZ)<\/p><p><a href=\"call:393484517602\" rel=\"\">+39 348 451 7602<\/a><br \/><a href=\"mailto:info@realps.it\" rel=\"\">info@realps.it<\/a><br \/><a href=\"mailto:franco_mingrone@pec.it\" rel=\"\">franco_mingrone@pec.it<\/a><\/p><p>Codice destinatario: KRRH6B9<\/p><p><a href=\"https:\/\/www.realps.it\" rel=\"\">www.realps.it<\/a><\/p><p>P.IVA IT02533540213<br \/>Cod.Fisc. MNGFNC79R21B220O<\/p><p>Camera di commercio Bolzano<\/p><p>Numero iscrizione camera di commercio: MNGFNC79R21B220O<br \/>Numero REA: BZ &#8211; 194985<\/p><p><strong>Copyright per le immagini e grafiche utilizzate:<\/strong><\/p><p><a href=\"https:\/\/giuseppeghedina.com\/\" target=\"_blank\" rel=\"nofollow noopener\">Giuseppe Ghedina<\/a><\/p><p><strong>Risoluzione delle controversie<\/strong><\/p><p>Informazioni obbligatorie ai sensi del Regolamento UE n. 524\/2013 del Parlamento e Consiglio europeo. Piattaforma per la risoluzione online delle controversie (ODR) della Commissione europea: <a href=\"https:\/\/ec.europa.eu\/consumers\/odr\/main\/?event=main.trader.register\">https:\/\/ec.europa.eu\/consumers\/odr\/main\/?event=main.trader.register<\/a><\/p><p><strong>Concetto e realizzazione<\/strong><\/p><p>muwit der sandra stablum<br \/>Oberstadt 60<br \/>39043 Klausen (BZ)<br \/>Tel. +39 347 1330206<br \/>MwSt. Nr. IT02730810211<br \/>St. Nr. STB SDR 88 A44 B160 S<\/p><p><a href=\"mailto:info@muwit.it\">info@muwit.it<\/a><br \/><a href=\"http:\/\/www.muwit.it\">www.muwit.it<\/a><\/p><p><strong>Responsabile per il contenuto:<\/strong><\/p><p>Franco Mingrone<\/p><p><strong>Dichiarazione liberatoria:<\/strong><\/p><p><strong>Responsabilit\u00e0 per i contenuti<\/strong><\/p><p>I contenuti delle nostre pagine sono stati redatti, elaborati e controllati scrupolosamente. Tuttavia, non ci assumiamo nessuna responsabilit\u00e0 per la correttezza, qualit\u00e0, completezza e attualit\u00e0 dei contenuti, poich\u00e9 non \u00e8 da escludere che siano cambiati nel tempo. Come prestatori di servizi siamo responsabili per i contenuti di queste pagine in base alla normativa vigente. Nella nostra qualit\u00e0 di prestatori di servizi non siamo per\u00f2 obbligati a controllare l\u2019esattezza di informazioni ricevute o salvate da terzi, o a controllare se sussistano irregolarit\u00e0 che indichino un\u2019attivit\u00e0 illegale. L\u2019obbligo di rimuovere o bloccare l\u2019utilizzo di informazioni secondo la normativa vigente rimane valido. L\u2019assunzione di tale responsabilit\u00e0 \u00e8 tuttavia possibile solamente dopo il momento dell\u2019effettivo riconoscimento da parte nostra di una concreta violazione di diritto. Alla presa d\u2019atto di tali violazioni di legge provvederemo immediatamente alla rimozione dei contenuti in questione.<\/p><p>Si escludono di principio le rivendicazioni di responsabilit\u00e0 di qualsiasi tipo causate dall\u2019utilizzo di informazioni messe a disposizione, oppure da informazioni errate e\/o incomplete.<\/p><p><strong>Responsabilit\u00e0 per i link<\/strong><\/p><p>La nostra offerta contiene dei collegamenti ipertestuali con siti web esterni di terzi, sui cui contenuti non possiamo influire. Per questo motivo non forniamo nessuna garanzia sui contenuti dei siti web linkati, indipendentemente dal tipo e dalla natura. Ne \u00e8 responsabile solamente il relativo proprietario o gestore del sito. Un controllo permanente dei contenuti dei siti linkati al presente non \u00e8 fattibile senza concreti punti di riferimento. All\u2019avvenuta conoscenza d\u2019infrazioni contro la legge causate dai siti web linkati, i link in questione saranno subito rimossi.<\/p><p><strong>Copyright<\/strong><\/p><p>Tutti i contenuti e le opere creati dal web designer e dai gestori del sito sono protetti da copyright. La riproduzione, l\u2019alterazione, la distribuzione e qualsiasi forma di utilizzo, soprattutto per scopi commerciali, al di fuori dei limiti del diritto d\u2019autore, sono severamente vietate e ammesse esclusivamente previa autorizzazione scritta del relativo autore o creatore. Nel caso i contenuti di questa pagina non siano stati creati dal gestore, sono da rispettare i diritti di copyright di terzi. I contenuti redatti da terzi sono contrassegnati come tali. In caso doveste notare una violazione del copyright, vi preghiamo gentilmente di farci pervenire un\u2019apposita segnalazione. All\u2019atto di presa di conoscenza di tali violazioni di legge, i contenuti in questione saranno naturalmente rimossi subito, senza per\u00f2 assumerne nessuna responsabilit\u00e0.<\/p>\t\t\t\t\t\t<\/div>\n\t\t\t\t<\/div>\n\t\t\t\t<\/div>\n\t\t\t\t<\/div>\n\t\t","protected":false},"excerpt":{"rendered":"<p>IMMOBILI Trovare Vendere \/ Affittare Colophon REALPS di Franco Mingrone Via J\u00f6chl 639031 Brunico (BZ) +39 348 451 7602info@realps.itfranco_mingrone@pec.it Codice destinatario: KRRH6B9 www.realps.it P.IVA IT02533540213Cod.Fisc. MNGFNC79R21B220O Camera di commercio Bolzano Numero iscrizione camera di commercio: MNGFNC79R21B220ONumero REA: BZ &#8211; 194985 Copyright per le immagini e grafiche utilizzate: Giuseppe Ghedina Risoluzione delle controversie Informazioni obbligatorie ai [&hellip;]<\/p>\n","protected":false},"author":1,"featured_media":0,"parent":0,"menu_order":0,"comment_status":"closed","ping_status":"closed","template":"","meta":{"footnotes":""},"yoast_head":"<!-- This site is optimized with the Yoast SEO plugin v22.5 - https:\/\/yoast.com\/wordpress\/plugins\/seo\/ -->\n<title>Colophon - realps<\/title>\n<meta name=\"description\" content=\"Colophon\" \/>\n<meta name=\"robots\" content=\"index, follow, max-snippet:-1, max-image-preview:large, max-video-preview:-1\" \/>\n<link rel=\"canonical\" href=\"https:\/\/www.realps.it\/it\/colophon\/\" \/>\n<meta property=\"og:locale\" content=\"it_IT\" \/>\n<meta property=\"og:type\" content=\"article\" \/>\n<meta property=\"og:title\" content=\"Colophon - realps\" \/>\n<meta property=\"og:description\" content=\"Colophon\" \/>\n<meta property=\"og:url\" content=\"https:\/\/www.realps.it\/it\/colophon\/\" \/>\n<meta property=\"og:site_name\" content=\"realps\" \/>\n<meta property=\"article:publisher\" content=\"https:\/\/www.facebook.com\/people\/Realps-Immobilien-Immobiliare\/100090969327391\/\" \/>\n<meta property=\"article:modified_time\" content=\"2024-02-28T08:01:05+00:00\" \/>\n<meta name=\"twitter:card\" content=\"summary_large_image\" \/>\n<meta name=\"twitter:label1\" content=\"Tempo di lettura stimato\" \/>\n\t<meta name=\"twitter:data1\" content=\"3 minuti\" \/>\n<script type=\"application\/ld+json\" class=\"yoast-schema-graph\">{\"@context\":\"https:\/\/schema.org\",\"@graph\":[{\"@type\":\"WebPage\",\"@id\":\"https:\/\/www.realps.it\/it\/colophon\/\",\"url\":\"https:\/\/www.realps.it\/it\/colophon\/\",\"name\":\"Colophon - realps\",\"isPartOf\":{\"@id\":\"https:\/\/www.realps.it\/it\/#website\"},\"datePublished\":\"2024-01-18T12:16:42+00:00\",\"dateModified\":\"2024-02-28T08:01:05+00:00\",\"description\":\"Colophon\",\"breadcrumb\":{\"@id\":\"https:\/\/www.realps.it\/it\/colophon\/#breadcrumb\"},\"inLanguage\":\"it-IT\",\"potentialAction\":[{\"@type\":\"ReadAction\",\"target\":[\"https:\/\/www.realps.it\/it\/colophon\/\"]}]},{\"@type\":\"BreadcrumbList\",\"@id\":\"https:\/\/www.realps.it\/it\/colophon\/#breadcrumb\",\"itemListElement\":[{\"@type\":\"ListItem\",\"position\":1,\"name\":\"Startseite\",\"item\":\"https:\/\/www.realps.it\/it\/\"},{\"@type\":\"ListItem\",\"position\":2,\"name\":\"Colophon\"}]},{\"@type\":\"WebSite\",\"@id\":\"https:\/\/www.realps.it\/it\/#website\",\"url\":\"https:\/\/www.realps.it\/it\/\",\"name\":\"realps\",\"description\":\"\",\"publisher\":{\"@id\":\"https:\/\/www.realps.it\/it\/#organization\"},\"potentialAction\":[{\"@type\":\"SearchAction\",\"target\":{\"@type\":\"EntryPoint\",\"urlTemplate\":\"https:\/\/www.realps.it\/it\/?s={search_term_string}\"},\"query-input\":\"required name=search_term_string\"}],\"inLanguage\":\"it-IT\"},{\"@type\":\"Organization\",\"@id\":\"https:\/\/www.realps.it\/it\/#organization\",\"name\":\"realps\",\"url\":\"https:\/\/www.realps.it\/it\/\",\"logo\":{\"@type\":\"ImageObject\",\"inLanguage\":\"it-IT\",\"@id\":\"https:\/\/www.realps.it\/it\/#\/schema\/logo\/image\/\",\"url\":\"https:\/\/www.realps.it\/wp-content\/uploads\/2023\/12\/REALPS.svg\",\"contentUrl\":\"https:\/\/www.realps.it\/wp-content\/uploads\/2023\/12\/REALPS.svg\",\"width\":155,\"height\":91,\"caption\":\"realps\"},\"image\":{\"@id\":\"https:\/\/www.realps.it\/it\/#\/schema\/logo\/image\/\"},\"sameAs\":[\"https:\/\/www.facebook.com\/people\/Realps-Immobilien-Immobiliare\/100090969327391\/\",\"https:\/\/www.instagram.com\/realps.it?igsh=OWF1a29yZWFlcWlm\"]}]}<\/script>\n<!-- \/ Yoast SEO plugin. -->","yoast_head_json":{"title":"Colophon - realps","description":"Colophon","robots":{"index":"index","follow":"follow","max-snippet":"max-snippet:-1","max-image-preview":"max-image-preview:large","max-video-preview":"max-video-preview:-1"},"canonical":"https:\/\/www.realps.it\/it\/colophon\/","og_locale":"it_IT","og_type":"article","og_title":"Colophon - realps","og_description":"Colophon","og_url":"https:\/\/www.realps.it\/it\/colophon\/","og_site_name":"realps","article_publisher":"https:\/\/www.facebook.com\/people\/Realps-Immobilien-Immobiliare\/100090969327391\/","article_modified_time":"2024-02-28T08:01:05+00:00","twitter_card":"summary_large_image","twitter_misc":{"Tempo di lettura stimato":"3 minuti"},"schema":{"@context":"https:\/\/schema.org","@graph":[{"@type":"WebPage","@id":"https:\/\/www.realps.it\/it\/colophon\/","url":"https:\/\/www.realps.it\/it\/colophon\/","name":"Colophon - realps","isPartOf":{"@id":"https:\/\/www.realps.it\/it\/#website"},"datePublished":"2024-01-18T12:16:42+00:00","dateModified":"2024-02-28T08:01:05+00:00","description":"Colophon","breadcrumb":{"@id":"https:\/\/www.realps.it\/it\/colophon\/#breadcrumb"},"inLanguage":"it-IT","potentialAction":[{"@type":"ReadAction","target":["https:\/\/www.realps.it\/it\/colophon\/"]}]},{"@type":"BreadcrumbList","@id":"https:\/\/www.realps.it\/it\/colophon\/#breadcrumb","itemListElement":[{"@type":"ListItem","position":1,"name":"Startseite","item":"https:\/\/www.realps.it\/it\/"},{"@type":"ListItem","position":2,"name":"Colophon"}]},{"@type":"WebSite","@id":"https:\/\/www.realps.it\/it\/#website","url":"https:\/\/www.realps.it\/it\/","name":"realps","description":"","publisher":{"@id":"https:\/\/www.realps.it\/it\/#organization"},"potentialAction":[{"@type":"SearchAction","target":{"@type":"EntryPoint","urlTemplate":"https:\/\/www.realps.it\/it\/?s={search_term_string}"},"query-input":"required name=search_term_string"}],"inLanguage":"it-IT"},{"@type":"Organization","@id":"https:\/\/www.realps.it\/it\/#organization","name":"realps","url":"https:\/\/www.realps.it\/it\/","logo":{"@type":"ImageObject","inLanguage":"it-IT","@id":"https:\/\/www.realps.it\/it\/#\/schema\/logo\/image\/","url":"https:\/\/www.realps.it\/wp-content\/uploads\/2023\/12\/REALPS.svg","contentUrl":"https:\/\/www.realps.it\/wp-content\/uploads\/2023\/12\/REALPS.svg","width":155,"height":91,"caption":"realps"},"image":{"@id":"https:\/\/www.realps.it\/it\/#\/schema\/logo\/image\/"},"sameAs":["https:\/\/www.facebook.com\/people\/Realps-Immobilien-Immobiliare\/100090969327391\/","https:\/\/www.instagram.com\/realps.it?igsh=OWF1a29yZWFlcWlm"]}]}},"_links":{"self":[{"href":"https:\/\/www.realps.it\/it\/wp-json\/wp\/v2\/pages\/779"}],"collection":[{"href":"https:\/\/www.realps.it\/it\/wp-json\/wp\/v2\/pages"}],"about":[{"href":"https:\/\/www.realps.it\/it\/wp-json\/wp\/v2\/types\/page"}],"author":[{"embeddable":true,"href":"https:\/\/www.realps.it\/it\/wp-json\/wp\/v2\/users\/1"}],"replies":[{"embeddable":true,"href":"https:\/\/www.realps.it\/it\/wp-json\/wp\/v2\/comments?post=779"}],"version-history":[{"count":28,"href":"https:\/\/www.realps.it\/it\/wp-json\/wp\/v2\/pages\/779\/revisions"}],"predecessor-version":[{"id":1901,"href":"https:\/\/www.realps.it\/it\/wp-json\/wp\/v2\/pages\/779\/revisions\/1901"}],"wp:attachment":[{"href":"https:\/\/www.realps.it\/it\/wp-json\/wp\/v2\/media?parent=779"}],"curies":[{"name":"wp","href":"https:\/\/api.w.org\/{rel}","templated":true}]}}